{"id":2,"date":"2018-04-13T13:48:22","date_gmt":"2018-04-13T11:48:22","guid":{"rendered":"http:\/\/japon2018.fredericbayol.com\/?page_id=2"},"modified":"2018-04-13T21:52:35","modified_gmt":"2018-04-13T19:52:35","slug":"page-d-exemple","status":"publish","type":"page","link":"https:\/\/japon2018.fredericbayol.com\/index.php\/page-d-exemple\/","title":{"rendered":"Kesako"},"content":{"rendered":"<p>Un petit blog pour illustrer notre premier grand voyage \u00e0 l&rsquo;\u00e9tranger en famille.Destination le Japon et plus particuli\u00e8rement \u00e0 Kyoto et Tokyo. Une seconde visite pour Fr\u00e9d\u00e9ric. une d\u00e9couverte pour Aur\u00e9lie et Axel. Une nouvelle aventure pour tous les trois&#8230;<\/p>\n","protected":false},"excerpt":{"rendered":"<p>Un petit blog pour illustrer notre premier grand voyage \u00e0 l&rsquo;\u00e9tranger en famille.Destination le Japon et plus particuli\u00e8rement \u00e0 Kyoto et Tokyo. Une seconde visite pour Fr\u00e9d\u00e9ric. une d\u00e9couverte pour Aur\u00e9lie et Axel. Une nouvelle aventure pour tous les trois&#8230;<\/p>\n","protected":false},"author":1,"featured_media":0,"parent":0,"menu_order":0,"comment_status":"closed","ping_status":"open","template":"","meta":{"footnotes":""},"class_list":["post-2","page","type-page","status-publish","hentry"],"_links":{"self":[{"href":"https:\/\/japon2018.fredericbayol.com\/index.php\/wp-json\/wp\/v2\/pages\/2","targetHints":{"allow":["GET"]}}],"collection":[{"href":"https:\/\/japon2018.fredericbayol.com\/index.php\/wp-json\/wp\/v2\/pages"}],"about":[{"href":"https:\/\/japon2018.fredericbayol.com\/index.php\/wp-json\/wp\/v2\/types\/page"}],"author":[{"embeddable":true,"href":"https:\/\/japon2018.fredericbayol.com\/index.php\/wp-json\/wp\/v2\/users\/1"}],"replies":[{"embeddable":true,"href":"https:\/\/japon2018.fredericbayol.com\/index.php\/wp-json\/wp\/v2\/comments?post=2"}],"version-history":[{"count":3,"href":"https:\/\/japon2018.fredericbayol.com\/index.php\/wp-json\/wp\/v2\/pages\/2\/revisions"}],"predecessor-version":[{"id":50,"href":"https:\/\/japon2018.fredericbayol.com\/index.php\/wp-json\/wp\/v2\/pages\/2\/revisions\/50"}],"wp:attachment":[{"href":"https:\/\/japon2018.fredericbayol.com\/index.php\/wp-json\/wp\/v2\/media?parent=2"}],"curies":[{"name":"wp","href":"https:\/\/api.w.org\/{rel}","templated":true}]}}